{"id":167,"date":"2016-05-11T14:37:17","date_gmt":"2016-05-11T12:37:17","guid":{"rendered":"http:\/\/creativelycoded.com\/skyline-business\/?page_id=167"},"modified":"2025-09-07T20:32:34","modified_gmt":"2025-09-07T18:32:34","slug":"our-team","status":"publish","type":"page","link":"http:\/\/drkleinertz.de\/WordPress\/?page_id=167","title":{"rendered":"Praxis-Team"},"content":{"rendered":"<p>[vc_row padding_bottom=&#8220;0&#8243;][vc_column width=&#8220;5\/12&#8243;]  <div class=\"header-wrapper\">\r  <H1 class=\"\" style=\"text-align: text-left; color:; margin-top:px; margin-bottom:45px; font-weight:\">Ein eingespieltes Team<div class='special-header' style='background-color:;'><\/div><\/H1>\r<\/div>  <div class=\"header-wrapper\">\r  <style type=\"text\/css\">\r.header-wrapper h1.custom_header_723541562 {\rfont-size: 20px !important;\r}\r@media (max-width: 992px) {\r.header-wrapper h1.custom_header_723541562 {\rfont-size: px !important;\r}\r}\r<\/style>\r<h1 class=\"custom_header_723541562\" style=\"text-align: text-left; color:; margin-top:px; margin-bottom:px; font-weight:300\">Unser Praxis besteht schon \u00fcber 30 Jahre. Dank der langj\u00e4hrigen Erfahrung im Bereich der Kieferorthop\u00e4die ist unser Team hervorragend eingespielt.<\/h1>\r<\/div><div class='skyline-separator-wrapper text-center'><div class='skyline-separator' style='border: none; border-bottom:1px blank #eeeeee; width:100%; margin-top:5px; margin-bottom:5px;'><\/div><\/div><a class=\"btn   btn-lg btn-3d btn-rounded\" href=\"http:\/\/drkleinertz.de\/WordPress\/?page_id=137\" style=\"; ; ; border-color:; background-color: ; color:#ffffff\">Kontaktieren Sie uns <\/a>[\/vc_column][vc_column width=&#8220;1\/12&#8243;][\/vc_column][vc_column width=&#8220;1\/2&#8243;]<div class='single-img-wrapper text-left' style='border:none border-radius:px;'><img alt='img' style='border-radius:px;' src='http:\/\/drkleinertz.de\/WordPress\/wp-content\/uploads\/2016\/05\/DSC_0067_2.jpg'><\/div>[\/vc_column][\/vc_row][vc_row bg_color=&#8220;#f7f7f7&#8243;][vc_column width=&#8220;1\/1&#8243;]  <div class=\"header-wrapper\">\r  <H1 class=\"\" style=\"text-align: text-center; color:; margin-top:px; margin-bottom:45px; font-weight:\">Meet The Team<div class='special-header' style='background-color:;'><\/div><\/H1>\r<\/div>[vc_row_inner][vc_column_inner width=&#8220;1\/4&#8243;]  <style type=\"text\/css\">\r.team_members2 img {\r\tborder-radius: ;\r}\r<\/style>\r                               <div class=\"team_members2 text-center\" style=\"border-color:#dddddd\">\r<a href=\"http:\/\/drkleinertz.de\/WordPress\/?team_members=dr-olga-werner-kleinertz\">\r\t\t\t\t  <img width=\"2310\" height=\"2783\" src=\"http:\/\/drkleinertz.de\/WordPress\/wp-content\/uploads\/2016\/12\/DSC_0076_2_2.jpg\" class=\"attachment-post-thumbnail size-post-thumbnail wp-post-image\" alt=\"\" decoding=\"async\" loading=\"lazy\" srcset=\"http:\/\/drkleinertz.de\/WordPress\/wp-content\/uploads\/2016\/12\/DSC_0076_2_2.jpg 2310w, http:\/\/drkleinertz.de\/WordPress\/wp-content\/uploads\/2016\/12\/DSC_0076_2_2-249x300.jpg 249w, http:\/\/drkleinertz.de\/WordPress\/wp-content\/uploads\/2016\/12\/DSC_0076_2_2-768x925.jpg 768w, http:\/\/drkleinertz.de\/WordPress\/wp-content\/uploads\/2016\/12\/DSC_0076_2_2-850x1024.jpg 850w, http:\/\/drkleinertz.de\/WordPress\/wp-content\/uploads\/2016\/12\/DSC_0076_2_2-1920x2313.jpg 1920w, http:\/\/drkleinertz.de\/WordPress\/wp-content\/uploads\/2016\/12\/DSC_0076_2_2-1200x1446.jpg 1200w, http:\/\/drkleinertz.de\/WordPress\/wp-content\/uploads\/2016\/12\/DSC_0076_2_2-800x964.jpg 800w, http:\/\/drkleinertz.de\/WordPress\/wp-content\/uploads\/2016\/12\/DSC_0076_2_2-125x150.jpg 125w\" sizes=\"(max-width: 2310px) 100vw, 2310px\" \/><\/a>\r<header class=\"entry-header\">\r\t\t<h3 class=\"entry-title special\" style=\"color:#656565\"><a href=\"http:\/\/drkleinertz.de\/WordPress\/?team_members=dr-olga-werner-kleinertz\">Dr. Olga Werner Kleinertz<\/a><\/h3>\r<h5 style=\"color:#656565\"><\/h5>\r\t<\/header><!-- .entry-header -->\r<div class=\"entry-content\">\r<p><p>Frau Dr. Olga Werner Kleinertz hat die&nbsp;Facharztausbildung zur Zahn\u00e4rztin f\u00fcr Kieferorthop\u00e4die an der Universit\u00e4t T\u00fcbingen absolviert. Sie arbeitete auf diesem Gebiet weitere 3 Jahre an der Universit\u00e4tsklinik in T\u00fcbingen bevor sie sich&nbsp;in den Folgejahren in einer Gemeinschaftspraxis in Hamburg niedergelassen hatte. 2009 \u00fcbernahm&nbsp;Sie dann die Praxis in der Kaiserstrasse in W\u00fcrzburg.<\/p>\n<\/p>\r <\/div><\/div>\r                            [\/vc_column_inner][vc_column_inner width=&#8220;1\/4&#8243;]  <style type=\"text\/css\">\r.team_members2 img {\r\tborder-radius: ;\r}\r<\/style>\r                               <div class=\"team_members2 text-center\" style=\"border-color:#dddddd\">\r<a href=\"http:\/\/drkleinertz.de\/WordPress\/?team_members=monika-mach\">\r\t\t\t\t  <img width=\"1735\" height=\"2242\" src=\"http:\/\/drkleinertz.de\/WordPress\/wp-content\/uploads\/2016\/12\/IMG_8828-2.jpeg\" class=\"attachment-post-thumbnail size-post-thumbnail wp-post-image\" alt=\"\" decoding=\"async\" loading=\"lazy\" srcset=\"http:\/\/drkleinertz.de\/WordPress\/wp-content\/uploads\/2016\/12\/IMG_8828-2.jpeg 1735w, http:\/\/drkleinertz.de\/WordPress\/wp-content\/uploads\/2016\/12\/IMG_8828-2-232x300.jpeg 232w, http:\/\/drkleinertz.de\/WordPress\/wp-content\/uploads\/2016\/12\/IMG_8828-2-792x1024.jpeg 792w, http:\/\/drkleinertz.de\/WordPress\/wp-content\/uploads\/2016\/12\/IMG_8828-2-768x992.jpeg 768w, http:\/\/drkleinertz.de\/WordPress\/wp-content\/uploads\/2016\/12\/IMG_8828-2-1189x1536.jpeg 1189w, http:\/\/drkleinertz.de\/WordPress\/wp-content\/uploads\/2016\/12\/IMG_8828-2-1585x2048.jpeg 1585w, http:\/\/drkleinertz.de\/WordPress\/wp-content\/uploads\/2016\/12\/IMG_8828-2-1200x1551.jpeg 1200w, http:\/\/drkleinertz.de\/WordPress\/wp-content\/uploads\/2016\/12\/IMG_8828-2-800x1034.jpeg 800w, http:\/\/drkleinertz.de\/WordPress\/wp-content\/uploads\/2016\/12\/IMG_8828-2-116x150.jpeg 116w\" sizes=\"(max-width: 1735px) 100vw, 1735px\" \/><\/a>\r<header class=\"entry-header\">\r\t\t<h3 class=\"entry-title special\" style=\"color:#656565\"><a href=\"http:\/\/drkleinertz.de\/WordPress\/?team_members=monika-mach\">Michaela Dennda<\/a><\/h3>\r<h5 style=\"color:#656565\"><\/h5>\r\t<\/header><!-- .entry-header -->\r<div class=\"entry-content\">\r<p><p style=\"font-weight: 400;\">Michaela Dennda ist zahnmedizinische Fachangestellte mit \u00fcber 30 Jahren Berufserfahrung. Sie betreut unsere Patientinnen und Patienten sowohl an der Rezeption als auch am Behandlungsstuhl. Durch ihre langj\u00e4hrige T\u00e4tigkeit bringt sie umfassende Kenntnisse in allen Bereichen der Zahnmedizin mit und sorgt f\u00fcr einen reibungslosen Praxisablauf.<\/p>\n<\/p>\r <\/div><\/div>\r                            [\/vc_column_inner][vc_column_inner width=&#8220;1\/4&#8243;]  <style type=\"text\/css\">\r.team_members2 img {\r\tborder-radius: ;\r}\r<\/style>\r                               <div class=\"team_members2 text-center\" style=\"border-color:#dddddd\">\r<a href=\"http:\/\/drkleinertz.de\/WordPress\/?team_members=ina-maurer\">\r\t\t\t\t  <img width=\"1794\" height=\"2110\" src=\"http:\/\/drkleinertz.de\/WordPress\/wp-content\/uploads\/2016\/12\/IMG_8838-2.jpeg\" class=\"attachment-post-thumbnail size-post-thumbnail wp-post-image\" alt=\"\" decoding=\"async\" loading=\"lazy\" srcset=\"http:\/\/drkleinertz.de\/WordPress\/wp-content\/uploads\/2016\/12\/IMG_8838-2.jpeg 1794w, http:\/\/drkleinertz.de\/WordPress\/wp-content\/uploads\/2016\/12\/IMG_8838-2-255x300.jpeg 255w, http:\/\/drkleinertz.de\/WordPress\/wp-content\/uploads\/2016\/12\/IMG_8838-2-871x1024.jpeg 871w, http:\/\/drkleinertz.de\/WordPress\/wp-content\/uploads\/2016\/12\/IMG_8838-2-768x903.jpeg 768w, http:\/\/drkleinertz.de\/WordPress\/wp-content\/uploads\/2016\/12\/IMG_8838-2-1306x1536.jpeg 1306w, http:\/\/drkleinertz.de\/WordPress\/wp-content\/uploads\/2016\/12\/IMG_8838-2-1741x2048.jpeg 1741w, http:\/\/drkleinertz.de\/WordPress\/wp-content\/uploads\/2016\/12\/IMG_8838-2-1200x1411.jpeg 1200w, http:\/\/drkleinertz.de\/WordPress\/wp-content\/uploads\/2016\/12\/IMG_8838-2-800x941.jpeg 800w, http:\/\/drkleinertz.de\/WordPress\/wp-content\/uploads\/2016\/12\/IMG_8838-2-128x150.jpeg 128w\" sizes=\"(max-width: 1794px) 100vw, 1794px\" \/><\/a>\r<header class=\"entry-header\">\r\t\t<h3 class=\"entry-title special\" style=\"color:#656565\"><a href=\"http:\/\/drkleinertz.de\/WordPress\/?team_members=ina-maurer\">Ina Maurer<\/a><\/h3>\r<h5 style=\"color:#656565\"><\/h5>\r\t<\/header><!-- .entry-header -->\r<div class=\"entry-content\">\r<p><p style=\"font-weight: 400;\">Ina Maurer ist zahnmedizinische Fachangestellte und unterst\u00fctzt unser Team mit mehr als 30 Jahren Berufserfahrung. Sie assistiert zuverl\u00e4ssig bei der Behandlung und \u00fcberzeugt durch ihre einf\u00fchlsame Art. Ihre langj\u00e4hrige Erfahrung macht sie zu einer wichtigen St\u00fctze im Praxisalltag und sorgt f\u00fcr einen reibungslosen Ablauf w\u00e4hrend der Behandlung.<\/p>\n<\/p>\r <\/div><\/div>\r                            [\/vc_column_inner][vc_column_inner width=&#8220;1\/4&#8243;]  <style type=\"text\/css\">\r.team_members2 img {\r\tborder-radius: ;\r}\r<\/style>\r                               <div class=\"team_members2 text-center\" style=\"border-color:#dddddd\">\r<a href=\"http:\/\/drkleinertz.de\/WordPress\/?team_members=maria-waitz\">\r\t\t\t\t  <img width=\"913\" height=\"1256\" src=\"http:\/\/drkleinertz.de\/WordPress\/wp-content\/uploads\/2016\/12\/DSC_0067_2_2.jpg\" class=\"attachment-post-thumbnail size-post-thumbnail wp-post-image\" alt=\"\" decoding=\"async\" loading=\"lazy\" srcset=\"http:\/\/drkleinertz.de\/WordPress\/wp-content\/uploads\/2016\/12\/DSC_0067_2_2.jpg 913w, http:\/\/drkleinertz.de\/WordPress\/wp-content\/uploads\/2016\/12\/DSC_0067_2_2-218x300.jpg 218w, http:\/\/drkleinertz.de\/WordPress\/wp-content\/uploads\/2016\/12\/DSC_0067_2_2-768x1057.jpg 768w, http:\/\/drkleinertz.de\/WordPress\/wp-content\/uploads\/2016\/12\/DSC_0067_2_2-744x1024.jpg 744w, http:\/\/drkleinertz.de\/WordPress\/wp-content\/uploads\/2016\/12\/DSC_0067_2_2-800x1101.jpg 800w, http:\/\/drkleinertz.de\/WordPress\/wp-content\/uploads\/2016\/12\/DSC_0067_2_2-109x150.jpg 109w\" sizes=\"(max-width: 913px) 100vw, 913px\" \/><\/a>\r<header class=\"entry-header\">\r\t\t<h3 class=\"entry-title special\" style=\"color:#656565\"><a href=\"http:\/\/drkleinertz.de\/WordPress\/?team_members=maria-waitz\">Maria Waitz<\/a><\/h3>\r<h5 style=\"color:#656565\"><\/h5>\r\t<\/header><!-- .entry-header -->\r<div class=\"entry-content\">\r<p><p>Maria Waitz ist Zahntechnikerin. Sie arbeitet im Hintergrund, ist deshalb aber nicht weniger wichtig. Sie ist diejenige, die Modelle von den Patienten anfertigt und kieferorthop\u00e4dische Apparaturen mit Sorgfalt und Sachverstand im praxiseigenen Labor herstellt.<\/p>\n<\/p>\r <\/div><\/div>\r                            [\/vc_column_inner][\/vc_row_inner][\/vc_column][\/vc_row][vc_row bg_color=&#8220;#ffffff&#8220; padding_top=&#8220;50&#8243; padding_bottom=&#8220;50&#8243;][vc_column width=&#8220;9\/12&#8243; css=&#8220;.vc_custom_1462747183313{border-right-width: 0px !important;border-right-color: #ffffff !important;border-right-style: dashed !important;}&#8220;]  <div class=\"header-wrapper\">\r  <H3 class=\"\" style=\"text-align: text-left; color:; margin-top:0px; margin-bottom:0px; font-weight:400\">Mit unserer praxisinternen Qualit\u00e4tspolitik stellen wir sicher, da\u00df wir unser hohes Qualit\u00e4tsniveau sichern und sogar noch ausbauen (getreu dem Motto: \u201eWer aufh\u00f6rt besser zu werden, h\u00f6rt auf gut zu sein!\u201c). Dazu haben wir ein Qualit\u00e4tsmanagement-System eingef\u00fchrt, mit Hilfe dessen wir unsere Leistung systematisch erfassen, analysieren und verbessern k\u00f6nnen.<\/H3>\r<\/div>[\/vc_column][vc_column col_align=&#8220;text-center&#8220; width=&#8220;3\/12&#8243;]<div class='skyline-separator-wrapper text-center'><div class='skyline-separator' style='border: none; border-bottom:1px blank #eeeeee; width:100%; margin-top:8px; margin-bottom:0px;'><\/div><\/div><a  class=\"btn   btn-lg btn-outline btn-rounded\" href=\"http:\/\/drkleinertz.de\/WordPress\/?page_id=165\" style=\"; ; ; border-color:; color: \" onMouseOver=\"this.style.borderColor=''; this.style.backgroundColor=''; this.style.color='#ffffff';\" onMouseOut=\"this.style.backgroundColor='transparent'; this.style.color='';\">Behandlungsmethoden <\/a>[\/vc_column][\/vc_row]<\/p>\n","protected":false},"excerpt":{"rendered":"<p>[vc_row padding_bottom=&#8220;0&#8243;][vc_column width=&#8220;5\/12&#8243;][\/vc_column][vc_column width=&#8220;1\/12&#8243;][\/vc_column][vc_column width=&#8220;1\/2&#8243;][\/vc_column][\/vc_row][vc_row bg_color=&#8220;#f7f7f7&#8243;][vc_column width=&#8220;1\/1&#8243;][vc_row_inner][vc_column_inner width=&#8220;1\/4&#8243;][\/vc_column_inner][vc_column_inner width=&#8220;1\/4&#8243;][\/vc_column_inner][vc_column_inner width=&#8220;1\/4&#8243;][\/vc_column_inner][vc_column_inner width=&#8220;1\/4&#8243;][\/vc_column_inner][\/vc_row_inner][\/vc_column][\/vc_row][vc_row bg_color=&#8220;#ffffff&#8220; padding_top=&#8220;50&#8243; padding_bottom=&#8220;50&#8243;][vc_column width=&#8220;9\/12&#8243; css=&#8220;.vc_custom_1462747183313{border-right-width: 0px !important;border-right-color: #ffffff !important;border-right-style: dashed !important;}&#8220;][\/vc_column][vc_column col_align=&#8220;text-center&#8220; width=&#8220;3\/12&#8243;][\/vc_column][\/vc_row]<\/p>\n","protected":false},"author":1,"featured_media":380,"parent":0,"menu_order":0,"comment_status":"closed","ping_status":"closed","template":"","meta":[],"_links":{"self":[{"href":"http:\/\/drkleinertz.de\/WordPress\/index.php?rest_route=\/wp\/v2\/pages\/167"}],"collection":[{"href":"http:\/\/drkleinertz.de\/WordPress\/index.php?rest_route=\/wp\/v2\/pages"}],"about":[{"href":"http:\/\/drkleinertz.de\/WordPress\/index.php?rest_route=\/wp\/v2\/types\/page"}],"author":[{"embeddable":true,"href":"http:\/\/drkleinertz.de\/WordPress\/index.php?rest_route=\/wp\/v2\/users\/1"}],"replies":[{"embeddable":true,"href":"http:\/\/drkleinertz.de\/WordPress\/index.php?rest_route=%2Fwp%2Fv2%2Fcomments&post=167"}],"version-history":[{"count":16,"href":"http:\/\/drkleinertz.de\/WordPress\/index.php?rest_route=\/wp\/v2\/pages\/167\/revisions"}],"predecessor-version":[{"id":692,"href":"http:\/\/drkleinertz.de\/WordPress\/index.php?rest_route=\/wp\/v2\/pages\/167\/revisions\/692"}],"wp:featuredmedia":[{"embeddable":true,"href":"http:\/\/drkleinertz.de\/WordPress\/index.php?rest_route=\/wp\/v2\/media\/380"}],"wp:attachment":[{"href":"http:\/\/drkleinertz.de\/WordPress\/index.php?rest_route=%2Fwp%2Fv2%2Fmedia&parent=167"}],"curies":[{"name":"wp","href":"https:\/\/api.w.org\/{rel}","templated":true}]}}