{"id":2,"date":"2016-09-08T13:20:47","date_gmt":"2016-09-08T11:20:47","guid":{"rendered":"http:\/\/drkleinertz.de\/WordPress\/?page_id=2"},"modified":"2024-12-15T17:19:05","modified_gmt":"2024-12-15T16:19:05","slug":"beispiel-seite","status":"publish","type":"page","link":"http:\/\/drkleinertz.de\/WordPress\/?page_id=2","title":{"rendered":"Impressum, Datenschutz und Cookie Policy"},"content":{"rendered":"<p>[vc_row][vc_column][vc_column_text css=&#8220;.vc_custom_1526933686567{margin-top: 20px !important;margin-left: 20px !important;}&#8220;]<\/p>\n<p class=\"paragraph_style\">Pflichtangaben nach \u00a75 Telemediengesetz<\/p>\n<p class=\"paragraph_style_1\"><span class=\"style\">Verantwortlich:<\/span>\u00a0Dr. Olga Werner Kleinertz<br \/>\nKaiserstra\u00dfe 4, 97070 W\u00fcrzburg<br \/>\ne-mail:\u00a0<a title=\"mailto:Empfang@DrKleinertz.de\" href=\"mailto:Empfang@DrKleinertz.de\">Empfang@DrKleinertz.de<\/a><\/p>\n<p class=\"paragraph_style\"><span class=\"style\">Kammerzugeh\u00f6rigkeit und Aufsichtsbeh\u00f6rde:<br \/>\n<\/span><span class=\"style_1\"><br \/>\n<\/span>Landeszahn\u00e4rztekammer Bayern,<br \/>\nZahn\u00e4rztlicher Bezirksverband Unterfranken,<br \/>\nDominikanerplatz 3, 97070 W\u00fcrzburg<br \/>\n<a title=\"http:\/\/www.lzk-bw.de\/lzk\/zahnaerzte\/Praxisfuehrung\/LZKHB\/pdf\/c04-01.pdf\" href=\"http:\/\/www.lzk-bw.de\/lzk\/zahnaerzte\/Praxisfuehrung\/LZKHB\/pdf\/c04-01.pdf\">http:\/\/www.blzk.de<\/a><\/p>\n<p class=\"paragraph_style_2\">Kassen\u00e4rztliche Vereinigung Bayerns, Bezirksstelle Unterfranken, Dominikanerplatz 3d\/II,<br \/>\n97070 W\u00fcrzburg<\/p>\n<p class=\"paragraph_style\"><a title=\"http:\/\/sozialministerium.baden-wuerttemberg.de\/\" href=\"http:\/\/sozialministerium.baden-wuerttemberg.de\/\">http:\/\/www.kzvb.de<\/a><\/p>\n<p class=\"paragraph_style_3\">Approbation erteilt durch die Beh\u00f6rde f\u00fcr Arbeit, Gesundheit und Soziales der Freie und Hansestadt Hamburg<span class=\"style\"><br \/>\n<\/span><\/p>\n<p class=\"paragraph_style_4\"><span class=\"style\">Berufsbezeichnung:<\/span>\u00a0Fachzahnarzt f\u00fcr Kieferorthop\u00e4die, vergeben durch die Landeszahn\u00e4rztekammer Stuttgart<\/p>\n<p class=\"paragraph_style_4\">Es gilt die Berufsordnung der Bayerischen Landeszahn\u00e4rztekammer<\/p>\n<p class=\"paragraph_style_4\"><strong>Hinweis zum Datenschutz<\/strong><\/p>\n<p class=\"paragraph_style_4\">F\u00fcr den Datenschutz in unserer Praxis verantwortlich ist Dr. Olga Werner Kleinertz.<\/p>\n<p>Tritt ein Patient oder Interessent \u00fcber E-Mail oder das Kontaktformular mit der Praxis in Kontakt, z.B. um eine Frage zu stellen, zur Vereinbarung eines Termins werden die vom Patienten oder Interessenten mitgeteilten Daten (z.B. Name, E-Mail-Adresse, Telefonnummer) gespeichert, um die Anfrage zu beantworten.<br \/>\nRechtsgrundlage: Erf\u00fcllung eines Vertrags oder Durchf\u00fchrung vorvertraglicher Ma\u00dfnahmen, Art. 6 Abs. 1 Buchst. b DS-GVO.<\/p>\n<p>Die im Zusammenhang mit der Kontaktaufnahme per E-Mail oder Kontaktformular mitgeteilten Daten werden gel\u00f6scht, wenn die Speicherung nicht mehr erforderlich ist und falls gesetzliche Aufbewahrungsfristen nicht bestehen.<\/p>\n<p>Wir informieren Sie zudem \u00fcber Ihre Betroffenenrechte nach der DS-GVO. Als von der Datenverarbeitung Betroffener k\u00f6nnen Sie die folgenden Anspr\u00fcche geltend machen:<br \/>\nSie haben ein Auskunftsrecht gegen\u00fcber unserer Praxis, welche Ihrer personenbezogenen Daten von uns verarbeitet werden. Sie haben au\u00dferdem ein Recht auf Berichtigung, L\u00f6schung und Einschr\u00e4nkung der Verarbeitung sowie ein Widerspruchsrecht gegen die Datenverarbeitung und ein Recht auf Daten\u00fcbertragbarkeit.<br \/>\nSofern die Datenverarbeitung auf einer Einwilligung von Ihnen beruht, haben Sie das Recht, diese Einwilligung zu widerrufen.<br \/>\nSie k\u00f6nnen, sofern Sie im Zusammenhang mit der Verarbeitung Ihrer Daten einen entsprechenden Anlass sehen, eine Beschwerde bei der zust\u00e4ndigen Datenschutzaufsichtsbeh\u00f6rde einreichen. Die f\u00fcr unsere Zahnarztpraxis zust\u00e4ndige Datenschutzaufsichtsbeh\u00f6rde ist das Bayerische Landesamt f\u00fcr Datenschutzaufsicht, Promenade 27, 91522 Ansbach.<br \/>\nBitte beachten Sie, dass die Daten nur zu dem o.a. Zweck verarbeitet werden. Sollten die von Ihnen erhobenen personenbezogenen Daten f\u00fcr einen anderen Zweck weiterverarbeitet werden, informieren wir Sie hier\u00fcber gesondert und teilen Ihnen diese Zweck\u00e4nderung mit.<\/p>\n<p class=\"paragraph_style_4\">Auf dieser Internetseite werden zwei Fotos von HAAP Media Ltd (www.sxc.hu) verwendet &#8211; Vielen Dank den Fotografen! Ebenso finden Fotos der Firmen\u00a0<span class=\"style_2\">3M\u00a0<\/span><a class=\"style_2\" title=\"http:\/\/www.3munitek-zahnspange.de\" href=\"http:\/\/www.3munitek-zahnspange.de\/\">Unitek<\/a>,\u00a0<a class=\"style_2\" title=\"http:\/\/www.speedsystem.com\/HTML\/patient\/German\/index_patients.html\" href=\"http:\/\/www.speedsystem.com\/HTML\/patient\/German\/index_patients.html\">Strite Industries<\/a><span class=\"style_2\">\u00a0Limited, Forestadent<\/span><span class=\"style_3\">\u00a0und\u00a0<\/span><span class=\"style_2\">Dentaurum GmbH &amp; Co. KG<\/span>\u00a0Verwendung.\u00a0Diese sind urheberrechtlich gesch\u00fctzt.<span class=\"style_2\">Clarity<\/span><span class=\"style_4\">TM<\/span>\u00a0und\u00a0<span class=\"style_2\">The Speed System<\/span><span class=\"style_4\">TM<\/span>\u00a0sind eingetragene Markenzeichen dieser Firmen.<\/p>\n<p class=\"paragraph_style_4\"><strong>Cookie Policy<\/strong><\/p>\n<p class=\"paragraph_style_4\">Informationen zu den Cookies:<br \/>\nDiese Cookie-Richtlinie enth\u00e4lt wichtige Informationen zu den verschiedenen Arten von Cookies, die auf den Ger\u00e4ten des Benutzers installiert werden k\u00f6nnten, wenn er die Seite\u00a0www.drkleinertz.de (die \u201eSeite\u201c) besucht. Laut der Verordnung\u00a0(UE)\u00a02016\/679 (GDPR) und der nationalen Gesetzgebung zum Schutz personenbezogener Daten stellen Cookies personenbezogene Daten dar, wenn sie einem Ger\u00e4t und damit einer identifizierbaren Person zugeordnet werden k\u00f6nnen.<\/p>\n<p class=\"paragraph_style_4\">Was sind Cookies?<br \/>\nCookie sind kleine Textdateien, die von den besuchten Seiten an das Terminal (PC, Tablet, Smartphone, Notebook) gesendet werden. Sie werden gespeichert, um beim n\u00e4chsten Besuch an dieselben Seiten zur\u00fcckgesendet zu werden. Es gibt unterschiedliche Arten von Cookies, die unterschiedliche Informationen enthalten (z.\u00a0B. Authentifizierung von elektronischen Informationen, \u00dcberwachung der Sitzungen, Speicherung von Vorlieben f\u00fcr die Zusendung von Werbeeinschaltungen, usw.).<br \/>\nJeder Cookie enth\u00e4lt wiederum verschiedene Daten (z.B. den Namen des Servers, von dem er kommt, eine numerische Kennung, usw.). Diese Daten k\u00f6nnen unterschiedlich lange auf dem Ger\u00e4t des Benutzers verbleiben, beispielsweise eine Sitzung lang, mehrere Stunden, Tage oder \u00fcber einen l\u00e4ngeren Zeitraum.<br \/>\nSie werden f\u00fcr elektronische Authentifizierungen, die \u00dcberwachung von Sitzungen und die Speicherung von Informationen zu den Seiten verwendet.\u00a0W\u00e4hrend des Besuchs einer Seite kann der Benutzer auf seinem Terminal auch Cookies erhalten, die von anderen Seiten oder Webservern (d.\u00a0h. von so genannten \u201eDritten\u201c) kommen und auf denen sich einige Elemente (z.\u00a0B. Bilder, Karten, T\u00f6ne, spezifische Links zu Seiten anderer Domains) der Seite, die man gerade besucht, befinden k\u00f6nnen.<br \/>\nDie Seite verwendet TECHNISCHE Cookies. Diese Cookies erm\u00f6glichen dem Benutzer eine m\u00fchelose Verwendung der Seite und ein einfacheres Auffinden von Informationen, indem die Verbindung und die Daten\u00fcbertragung zwischen Benutzer und Seite vereinfacht werden. Sie dienen zum Surfen und bieten dem Benutzer den gew\u00fcnschten Service. Sie werden nicht f\u00fcr weitere Zwecke verwendet. Technische Cookies sind f\u00fcr das korrekte Funktionieren der Seite notwendig.\u00a0Die Ausf\u00fchrung einiger Vorg\u00e4nge w\u00e4re ohne Anwendung dieser Cookies nicht m\u00f6glich oder die Vorg\u00e4nge w\u00e4ren deutlich komplexer und\/oder weniger sicher. Die technischen Cookies sind daher unbedingt erforderlich. Technische Cookies erfordern keine Einwilligung des Benutzers, da sie f\u00fcr das korrekte Funktionieren der Seite notwendig sind. Wir verwenden in erster Linie tempor\u00e4re Navigation- oder Sitzungscookies und permanente Cookies, die die normale Navigation auf der Website und die Nutzung ihrer Funktionen garantieren und es beispielsweise erm\u00f6glichen, Informationen zur Navigation, Daten zum Aufrechterhalten einer Sitzung und\/oder Informationen zu den Einstellungen \u201eVollbild\u201c on\/off beim Surfen auf der Seite zu speichern. \u200b<\/p>\n<p class=\"paragraph_style_4\">Analysecookies von Dritten<br \/>\nWir benutzen au\u00dferdem Analysecookies, um Informationen zur Benutzung der Seite zu erfassen. Diese Cookies, die mit den technischen Cookies vergleichbar sind, werden in aggregierter Form verarbeitet, um die am h\u00e4ufigsten besuchten Bereiche der Seite zu \u00fcberwachen, die Inhalte der Seite zu verbessern, die Nutzung f\u00fcr den Benutzer zu erleichtern und das korrekte Funktionieren der Seite zu \u00fcberwachen.<br \/>\nDie verwendeten Analysecookies werden von einer anderen Seite als der, die der Nutzer gerade besucht, eingestellt. Der Grund daf\u00fcr ist, dass auf jeder Seite Elemente (Bilder, Karten, T\u00f6ne, spezifische Links zu Webseiten anderer Domains, usw.) vorhanden sein k\u00f6nnen, die sich auf anderen als der gerade besuchten Seite befinden.<br \/>\nWir erlauben Dritten, Analysecookies auf der Seite zu verwenden, um auf anonyme Weise Informationen f\u00fcr die Erstellung von Berichten \u00fcber das Surfverhalten auf der Seite zu speichern.<\/p>\n<p>[\/vc_column_text][\/vc_column][\/vc_row]<\/p>\n","protected":false},"excerpt":{"rendered":"<p>[vc_row][vc_column][vc_column_text css=&#8220;.vc_custom_1526933686567{margin-top: 20px !important;margin-left: 20px !important;}&#8220;] Pflichtangaben nach \u00a75 Telemediengesetz Verantwortlich:\u00a0Dr. Olga Werner Kleinertz Kaiserstra\u00dfe 4, 97070 W\u00fcrzburg e-mail:\u00a0Empfang@DrKleinertz.de Kammerzugeh\u00f6rigkeit und Aufsichtsbeh\u00f6rde: Landeszahn\u00e4rztekammer Bayern, Zahn\u00e4rztlicher Bezirksverband Unterfranken, Dominikanerplatz 3, 97070 W\u00fcrzburg http:\/\/www.blzk.de Kassen\u00e4rztliche Vereinigung Bayerns, Bezirksstelle Unterfranken, Dominikanerplatz 3d\/II, 97070 W\u00fcrzburg http:\/\/www.kzvb.de Approbation erteilt durch die Beh\u00f6rde f\u00fcr Arbeit, Gesundheit und Soziales der Freie und [&hellip;]<\/p>\n","protected":false},"author":1,"featured_media":9,"parent":0,"menu_order":0,"comment_status":"closed","ping_status":"closed","template":"","meta":[],"_links":{"self":[{"href":"http:\/\/drkleinertz.de\/WordPress\/index.php?rest_route=\/wp\/v2\/pages\/2"}],"collection":[{"href":"http:\/\/drkleinertz.de\/WordPress\/index.php?rest_route=\/wp\/v2\/pages"}],"about":[{"href":"http:\/\/drkleinertz.de\/WordPress\/index.php?rest_route=\/wp\/v2\/types\/page"}],"author":[{"embeddable":true,"href":"http:\/\/drkleinertz.de\/WordPress\/index.php?rest_route=\/wp\/v2\/users\/1"}],"replies":[{"embeddable":true,"href":"http:\/\/drkleinertz.de\/WordPress\/index.php?rest_route=%2Fwp%2Fv2%2Fcomments&post=2"}],"version-history":[{"count":7,"href":"http:\/\/drkleinertz.de\/WordPress\/index.php?rest_route=\/wp\/v2\/pages\/2\/revisions"}],"predecessor-version":[{"id":668,"href":"http:\/\/drkleinertz.de\/WordPress\/index.php?rest_route=\/wp\/v2\/pages\/2\/revisions\/668"}],"wp:featuredmedia":[{"embeddable":true,"href":"http:\/\/drkleinertz.de\/WordPress\/index.php?rest_route=\/wp\/v2\/media\/9"}],"wp:attachment":[{"href":"http:\/\/drkleinertz.de\/WordPress\/index.php?rest_route=%2Fwp%2Fv2%2Fmedia&parent=2"}],"curies":[{"name":"wp","href":"https:\/\/api.w.org\/{rel}","templated":true}]}}