{"id":23,"date":"2016-05-08T15:49:45","date_gmt":"2016-05-08T13:49:45","guid":{"rendered":"http:\/\/creativelycoded.com\/skyline-business\/?page_id=23"},"modified":"2022-11-22T18:04:01","modified_gmt":"2022-11-22T17:04:01","slug":"home-2","status":"publish","type":"page","link":"http:\/\/drkleinertz.de\/WordPress\/","title":{"rendered":"Praxis"},"content":{"rendered":"<p>[vc_row container_style=&#8220;fixed-image&#8220; padding_top=&#8220;550&#8243; padding_bottom=&#8220;350&#8243; bg_image=&#8220;9&#8243;][vc_column col_align=&#8220;text-center&#8220; width=&#8220;1\/1&#8243;]  <div class=\"header-wrapper\">\r  <H1 class=\"\" style=\"text-align: text-left; color:#ffffff; margin-top:0px; margin-bottom:0px; font-weight:400\">Kieferorthop\u00e4dische Praxis<\/H1>\r<\/div>  <div class=\"header-wrapper\">\r  <style type=\"text\/css\">\r.header-wrapper h1.custom_header_1133198506 {\rfont-size: 50px !important;\r}\r@media (max-width: 992px) {\r.header-wrapper h1.custom_header_1133198506 {\rfont-size: px !important;\r}\r}\r<\/style>\r<h1 class=\"custom_header_1133198506\" style=\"text-align: text-left; color:#ffffff; margin-top:10px; margin-bottom:px; font-weight:800\">Dr. Olga Werner Kleinertz<\/h1>\r<\/div>  <div class=\"header-wrapper\">\r  <style type=\"text\/css\">\r.header-wrapper h1.custom_header_460821213 {\rfont-size: 20px !important;\r}\r@media (max-width: 992px) {\r.header-wrapper h1.custom_header_460821213 {\rfont-size: px !important;\r}\r}\r<\/style>\r<h1 class=\"custom_header_460821213\" style=\"text-align: text-left; color:#ffffff; margin-top:px; margin-bottom:2px; font-weight:500\">Fachzahn\u00e4rztin f\u00fcr Kieferorthop\u00e4die<\/h1>\r<\/div>  <div class=\"header-wrapper\">\r  <style type=\"text\/css\">\r.header-wrapper h1.custom_header_2000006001 {\rfont-size: 20px !important;\r}\r@media (max-width: 992px) {\r.header-wrapper h1.custom_header_2000006001 {\rfont-size: px !important;\r}\r}\r<\/style>\r<h1 class=\"custom_header_2000006001\" style=\"text-align: text-left; color:#ffffff; margin-top:0px; margin-bottom:30px; font-weight:500\"><\/h1>\r<\/div><a  class=\"btn   btn-md btn-rounded\" href=\"http:\/\/drkleinertz.de\/WordPress\/?page_id=167\" style=\"; ; ; background-color:#7ac143; border-color: #7ac143; color:#ffffff\" onMouseOver=\"this.style.color='#7ac143'; this.style.backgroundColor='transparent'\" onMouseOut=\"this.style.color='#ffffff'; this.style.backgroundColor='#7ac143'\">\u00dcber uns <i class='fa fa-share'><\/i><\/a><a  class=\"btn   btn-md btn-outline btn-rounded\" href=\"http:\/\/drkleinertz.de\/WordPress\/?page_id=137\" style=\"; ; ; border-color:#ffffff; color: #ffffff\" onMouseOver=\"this.style.borderColor='#ffffff'; this.style.backgroundColor='#ffffff'; this.style.color='#444444';\" onMouseOut=\"this.style.backgroundColor='transparent'; this.style.color='#ffffff';\">Kontaktieren Sie uns <i class='fa fa-envelope-o'><\/i><\/a>[\/vc_column][vc_column][\/vc_column][vc_column][\/vc_column][\/vc_row][vc_row bg_color=&#8220;#7ac143&#8243; padding_top=&#8220;50&#8243; padding_bottom=&#8220;50&#8243;][vc_column width=&#8220;9\/12&#8243; css=&#8220;.vc_custom_1462747183313{border-right-width: 0px !important;border-right-color: #ffffff !important;border-right-style: dashed !important;}&#8220;]  <div class=\"header-wrapper\">\r  <H3 class=\"\" style=\"text-align: text-left; color:#ffffff; margin-top:0px; margin-bottom:0px; font-weight:400\">Unsere Patienten sollen optimal behandelt werden und sich rundum wohl f\u00fchlen. Ein gut gelauntes Miteinander spielt daher eine ebenso gro\u00dfe Rolle wie gute Behandlungsmethoden. Freude bei der Arbeit ist bei uns so selbstverst\u00e4ndlich wie gr\u00fcndliche Fachkenntnisse gem\u00e4\u00df dem neuesten wissenschaftlichen Standard in der Kieferorthop\u00e4die.<\/H3>\r<\/div>[\/vc_column][vc_column col_align=&#8220;text-center&#8220; width=&#8220;3\/12&#8243;]<div class='skyline-separator-wrapper text-center'><div class='skyline-separator' style='border: none; border-bottom:1px blank #eeeeee; width:100%; margin-top:5px; margin-bottom:0px;'><\/div><\/div><a  class=\"btn   btn-lg btn-outline btn-rounded\" href=\"http:\/\/drkleinertz.de\/WordPress\/?page_id=165\" style=\"; ; ; border-color:#ffffff; color: #ffffff\" onMouseOver=\"this.style.borderColor='#ffffff'; this.style.backgroundColor='#ffffff'; this.style.color='#444444';\" onMouseOut=\"this.style.backgroundColor='transparent'; this.style.color='#ffffff';\">Behandlungsmethoden <\/a>[\/vc_column][\/vc_row][vc_row padding_bottom=&#8220;0&#8243; bg_color=&#8220;#f6f6f6&#8243;][vc_column animate=&#8220;1&#8243; animation=&#8220;fadeIn&#8220; width=&#8220;1\/2&#8243;]  <div class=\"header-wrapper\">\r  <H1 class=\"\" style=\"text-align: text-left; color:; margin-top:px; margin-bottom:45px; font-weight:\">Wir behandeln gem\u00e4\u00df dem neuesten wissenschaftlichen Stand.<div class='special-header' style='background-color:;'><\/div><\/H1>\r<\/div>[vc_column_text]Wir haben uns dem Ziel verschrieben, eine medizinische Versorgung auf dem neusten wissenschaftlichen Stand zu einem fairen Preis anzubieten. Gute Fachkenntnisse, angemessene Ressourcen und eine gute Organisation helfen uns dabei.[\/vc_column_text]<div class='skyline-separator-wrapper text-center'><div class='skyline-separator' style='border: none; border-bottom:1px blank #eeeeee; width:100%; margin-top:5px; margin-bottom:5px;'><\/div><\/div><a  class=\"btn   btn-lg btn-rounded\" href=\"http:\/\/drkleinertz.de\/WordPress\/?page_id=167\" style=\"; ; ; background-color:#7ac143; border-color: #7ac143; color:#ffffff\" onMouseOver=\"this.style.color='#7ac143'; this.style.backgroundColor='transparent'\" onMouseOut=\"this.style.color='#ffffff'; this.style.backgroundColor='#7ac143'\">Erfahren Sie mehr <\/a>[\/vc_column][vc_column animate=&#8220;1&#8243; animation=&#8220;fadeIn&#8220; width=&#8220;1\/2&#8243; delay=&#8220;250&#8243;]<div class='single-img-wrapper text-right' style='border:none border-radius:px;'><img alt='img' style='border-radius:px;' src='http:\/\/drkleinertz.de\/WordPress\/wp-content\/uploads\/2016\/05\/ClaritySL_Kids-frei-cr.png'><\/div>[\/vc_column][\/vc_row][vc_row][vc_column animate=&#8220;1&#8243; animation=&#8220;fadeInLeft&#8220; width=&#8220;5\/12&#8243;]<div class='single-img-wrapper text-left' style='border:none border-radius:px;'><img alt='img' style='border-radius:px;' src='http:\/\/drkleinertz.de\/WordPress\/wp-content\/uploads\/2016\/05\/DSC9083.jpg'><\/div>[\/vc_column][vc_column width=&#8220;1\/12&#8243;][\/vc_column][vc_column animate=&#8220;1&#8243; animation=&#8220;fadeInRight&#8220; width=&#8220;1\/2&#8243;]  <div class=\"header-wrapper\">\r  <H1 class=\"\" style=\"text-align: text-left; color:; margin-top:40px; margin-bottom:30px; font-weight:\">Unsere Behandlungsmethoden<div class='special-header' style='background-color:;'><\/div><\/H1>\r<\/div>[vc_column_text]<\/p>\n<p class=\"paragraph_style_2\">Gesunde, gerade Z\u00e4hne sind den wenigsten Menschen in die Wiege gelegt. Auch, wenn die Z\u00e4hne \u201eeigentlich ganz in Ordnung\u201c zu sein scheinen, kann eine kieferorthop\u00e4dische Behandlung erforderlich sein. Denn: gerade Z\u00e4hne sind wichtig \u2013 zum Kauen und Bei\u00dfen, zum Lachen und Sprechen. Eine korrekte Kaufunktion spielt bei der Vorbeugung von Karies, Parodontose, vorzeitigem Zahnverlust und Kiefergelenkserkrankungen eine entscheidende Rolle. Und auch Kiefer, die nicht richtig zusammen arbeiten, k\u00f6nnen auf Dauer gro\u00dfe Probleme, wie z.B. Spannungskopfschmerzen, verursachen. Eine falsche Kieferstellung verhindert manchmal sogar, da\u00df sich die Lippen schlie\u00dfen \u2013 die Person atmet durch den Mund, wodurch Erk\u00e4ltungs- und Rachenkrankheiten entstehen k\u00f6nnen und die Lautbildung der Sprache beeintr\u00e4chtigt sein kann.<\/p>\n<p class=\"paragraph_style_2\">Damit ist die Kieferorthop\u00e4die und die kieferorthop\u00e4dische Behandlung nicht nur eine Frage der \u00c4sthetik sondern auch der Gesundheit.<\/p>\n<p>[\/vc_column_text]<div class='skyline-separator-wrapper text-center'><div class='skyline-separator' style='border: none; border-bottom:1px blank #eeeeee; width:100%; margin-top:5px; margin-bottom:0px;'><\/div><\/div>[vc_row_inner][vc_column_inner width=&#8220;1\/2&#8243;]<ul class=\"vc_list\">\r<li><i style='color: #7ac143' class='fa fa-check-circle-o'><\/i>Anfangsdiagnostik und Behandlungsplan<\/li><li><i style='color: #7ac143' class='fa fa-check-circle-o'><\/i>Behandlung mit herausnehmbaren Apparaturen<\/li><li><i style='color: #7ac143' class='fa fa-check-circle-o'><\/i>Funktionskieferorthop\u00e4dische Ger\u00e4te<\/li><li><i style='color: #7ac143' class='fa fa-check-circle-o'><\/i>Mini-Implantate<\/li><li><i style='color: #7ac143' class='fa fa-check-circle-o'><\/i>Retention<\/li><\/ul>[\/vc_column_inner][vc_column_inner width=&#8220;1\/2&#8243;]<ul class=\"vc_list\">\r<li><i style='color: #7ac143' class='fa fa-check-circle-o'><\/i>Behandlung mit festsitzenden Apparaturen wie z. B.<\/li><li><i style='color: #7ac143' class='fa fa-check-circle-o'><\/i>Keramik-Brackets<\/li><li><i style='color: #7ac143' class='fa fa-check-circle-o'><\/i>Selbstligierende Brackets<\/li><li><i style='color: #7ac143' class='fa fa-check-circle-o'><\/i>Lingual-Brackets<\/li><\/ul>[\/vc_column_inner][\/vc_row_inner][\/vc_column][\/vc_row][vc_row bg_color=&#8220;#f6f6f6&#8243;][vc_column width=&#8220;1\/1&#8243;]  <div class=\"header-wrapper\">\r  <H1 class=\"\" style=\"text-align: text-left; color:; margin-top:0px; margin-bottom:45px; font-weight:\">News &amp; Hilfe<div class='special-header' style='background-color:;'><\/div><\/H1>\r<\/div><div class=\"row grid-3column blog\" id=\"grid-3column\">\r\t\t\t\t\t\t\r<div class=\"col-md-4\">\r          <a href='http:\/\/drkleinertz.de\/WordPress\/?p=516'><div class='img-wrapper height-33'><div class='blog-img' style='background-image: url(http:\/\/drkleinertz.de\/WordPress\/wp-content\/uploads\/2018\/08\/IMG_3395-1920x1440.jpg);'><\/div><\/div><\/a><div class=\"blog-text-wrapper\">\r<h1><a href=\"http:\/\/drkleinertz.de\/WordPress\/?p=516\">Weihnachtsferien<\/a><\/h1>\r<div class=\"blog-info\">\r<img alt='' src='http:\/\/0.gravatar.com\/avatar\/f3a451d43b646a58f835c5afabb872e9?s=128&#038;d=mm&#038;r=g' srcset='http:\/\/0.gravatar.com\/avatar\/f3a451d43b646a58f835c5afabb872e9?s=256&#038;d=mm&#038;r=g 2x' class='avatar avatar-128 photo' height='128' width='128' loading='lazy' decoding='async'\/> Posted by <a href=\"http:\/\/drkleinertz.de\/WordPress\/?author=1\" title=\"Beitr\u00e4ge von Jochen\" rel=\"author\">Jochen<\/a> on <a href=\"http:\/\/drkleinertz.de\/WordPress\/?m=20251224\">24. Dezember 2025<\/a>\r<\/div>\r<p>Vom 29.12.25 bis 6.1.26 bleibt unsere Praxis geschlossen. Die Vertretung in dringenden F\u00e4llen \u00fcbernimmt in der Zeit von 10:00 bis 12:00 Uhr folgender Kollege. Bitte beachten Sie, dass eine vorherige telefonische Terminvereinbarung erforderlich ist....<\/p>\r<div class=\"row blog-info-bottom\">\r<div class=\"col-xs-8\"><div class='post-format-icon'><i class='feather-paper'><\/i><\/div><div class='post-format-text'>Standard Post<\/div><\/div>\r<div class=\"col-xs-4 text-right\"><a class=\"read-more-link\" href=\"http:\/\/drkleinertz.de\/WordPress\/?p=516\">Read <i class='feather-arrow-right'><\/i><\/a><\/div>\r<\/div>\r<\/div>\r\r<\/div><!-- End Column -->\r<!-- End Column -->\r\r\t\t\t\t\t\t\r<div class=\"col-md-4\">\r          <a href='http:\/\/drkleinertz.de\/WordPress\/?p=469'><div class='img-wrapper height-33'><div class='blog-img' style='background-image: url(http:\/\/drkleinertz.de\/WordPress\/wp-content\/uploads\/2016\/05\/ClaritySL_Kids-frei-cr.png);'><\/div><\/div><\/a><div class=\"blog-text-wrapper\">\r<h1><a href=\"http:\/\/drkleinertz.de\/WordPress\/?p=469\">Selbstligierende Keramik-Brackets<\/a><\/h1>\r<div class=\"blog-info\">\r<img alt='' src='http:\/\/0.gravatar.com\/avatar\/f3a451d43b646a58f835c5afabb872e9?s=128&#038;d=mm&#038;r=g' srcset='http:\/\/0.gravatar.com\/avatar\/f3a451d43b646a58f835c5afabb872e9?s=256&#038;d=mm&#038;r=g 2x' class='avatar avatar-128 photo' height='128' width='128' loading='lazy' decoding='async'\/> Posted by <a href=\"http:\/\/drkleinertz.de\/WordPress\/?author=1\" title=\"Beitr\u00e4ge von Jochen\" rel=\"author\">Jochen<\/a> on <a href=\"http:\/\/drkleinertz.de\/WordPress\/?m=20161231\">31. Dezember 2016<\/a>\r<\/div>\r<p>In der Vergangenheit mu\u00dfte sich unser Patient zwischen den Vorteilen von Keramik-Brackets und den Vorteilen von selbstligierenden Brackets entscheiden. Das ist jetzt vorbei: Die Firma 3M hat mit dem Bracket \u201eClarity SL\u201c ein selbstligierendes Ker...<\/p>\r<div class=\"row blog-info-bottom\">\r<div class=\"col-xs-8\"><div class='post-format-icon'><i class='feather-paper'><\/i><\/div><div class='post-format-text'>Standard Post<\/div><\/div>\r<div class=\"col-xs-4 text-right\"><a class=\"read-more-link\" href=\"http:\/\/drkleinertz.de\/WordPress\/?p=469\">Read <i class='feather-arrow-right'><\/i><\/a><\/div>\r<\/div>\r<\/div>\r\r<\/div><!-- End Column -->\r<!-- End Column -->\r\r\t\t\t\t\t\t\r<div class=\"col-md-4\">\r          <a href='http:\/\/drkleinertz.de\/WordPress\/?p=466'><div class='img-wrapper height-33'><div class='blog-img' style='background-image: url(http:\/\/drkleinertz.de\/WordPress\/wp-content\/uploads\/2016\/12\/M4701507_tif_Prev_150-cr2-1920x1298.jpg);'><\/div><\/div><\/a><div class=\"blog-text-wrapper\">\r<h1><a href=\"http:\/\/drkleinertz.de\/WordPress\/?p=466\">Reduzierte Strahlungsdosis<\/a><\/h1>\r<div class=\"blog-info\">\r<img alt='' src='http:\/\/0.gravatar.com\/avatar\/f3a451d43b646a58f835c5afabb872e9?s=128&#038;d=mm&#038;r=g' srcset='http:\/\/0.gravatar.com\/avatar\/f3a451d43b646a58f835c5afabb872e9?s=256&#038;d=mm&#038;r=g 2x' class='avatar avatar-128 photo' height='128' width='128' loading='lazy' decoding='async'\/> Posted by <a href=\"http:\/\/drkleinertz.de\/WordPress\/?author=1\" title=\"Beitr\u00e4ge von Jochen\" rel=\"author\">Jochen<\/a> on <a href=\"http:\/\/drkleinertz.de\/WordPress\/?m=20161231\">31. Dezember 2016<\/a>\r<\/div>\r<p>Wir betreiben in unserer Praxis ein digitales R\u00f6ntgenger\u00e4t von Sirona, welches dem Patienten viele Vorteile bietet: Das automatische Strahlungsmanagement sorgt f\u00fcr differenzierte Darstellung und minimale Strahlenbelastung Die Patientenfixierung ve...<\/p>\r<div class=\"row blog-info-bottom\">\r<div class=\"col-xs-8\"><div class='post-format-icon'><i class='feather-paper'><\/i><\/div><div class='post-format-text'>Standard Post<\/div><\/div>\r<div class=\"col-xs-4 text-right\"><a class=\"read-more-link\" href=\"http:\/\/drkleinertz.de\/WordPress\/?p=466\">Read <i class='feather-arrow-right'><\/i><\/a><\/div>\r<\/div>\r<\/div>\r\r<\/div><!-- End Column -->\r<\/div><div class=\"row grid-3column blog\"><!-- End Column -->\r\r<\/div>\r<\/div>\r[\/vc_column][\/vc_row]<\/p>\n","protected":false},"excerpt":{"rendered":"<p>[vc_row container_style=&#8220;fixed-image&#8220; padding_top=&#8220;550&#8243; padding_bottom=&#8220;350&#8243; bg_image=&#8220;9&#8243;][vc_column col_align=&#8220;text-center&#8220; width=&#8220;1\/1&#8243;][\/vc_column][vc_column][\/vc_column][vc_column][\/vc_column][\/vc_row][vc_row bg_color=&#8220;#7ac143&#8243; padding_top=&#8220;50&#8243; padding_bottom=&#8220;50&#8243;][vc_column width=&#8220;9\/12&#8243; css=&#8220;.vc_custom_1462747183313{border-right-width: 0px !important;border-right-color: #ffffff !important;border-right-style: dashed !important;}&#8220;][\/vc_column][vc_column col_align=&#8220;text-center&#8220; width=&#8220;3\/12&#8243;][\/vc_column][\/vc_row][vc_row padding_bottom=&#8220;0&#8243; bg_color=&#8220;#f6f6f6&#8243;][vc_column animate=&#8220;1&#8243; animation=&#8220;fadeIn&#8220; width=&#8220;1\/2&#8243;][vc_column_text]Wir haben uns dem Ziel verschrieben, eine medizinische Versorgung auf dem neusten wissenschaftlichen Stand zu einem fairen Preis anzubieten. Gute Fachkenntnisse, angemessene Ressourcen und eine gute Organisation helfen uns dabei.[\/vc_column_text][\/vc_column][vc_column animate=&#8220;1&#8243; [&hellip;]<\/p>\n","protected":false},"author":1,"featured_media":0,"parent":0,"menu_order":0,"comment_status":"closed","ping_status":"closed","template":"","meta":[],"_links":{"self":[{"href":"http:\/\/drkleinertz.de\/WordPress\/index.php?rest_route=\/wp\/v2\/pages\/23"}],"collection":[{"href":"http:\/\/drkleinertz.de\/WordPress\/index.php?rest_route=\/wp\/v2\/pages"}],"about":[{"href":"http:\/\/drkleinertz.de\/WordPress\/index.php?rest_route=\/wp\/v2\/types\/page"}],"author":[{"embeddable":true,"href":"http:\/\/drkleinertz.de\/WordPress\/index.php?rest_route=\/wp\/v2\/users\/1"}],"replies":[{"embeddable":true,"href":"http:\/\/drkleinertz.de\/WordPress\/index.php?rest_route=%2Fwp%2Fv2%2Fcomments&post=23"}],"version-history":[{"count":32,"href":"http:\/\/drkleinertz.de\/WordPress\/index.php?rest_route=\/wp\/v2\/pages\/23\/revisions"}],"predecessor-version":[{"id":514,"href":"http:\/\/drkleinertz.de\/WordPress\/index.php?rest_route=\/wp\/v2\/pages\/23\/revisions\/514"}],"wp:attachment":[{"href":"http:\/\/drkleinertz.de\/WordPress\/index.php?rest_route=%2Fwp%2Fv2%2Fmedia&parent=23"}],"curies":[{"name":"wp","href":"https:\/\/api.w.org\/{rel}","templated":true}]}}